{"id":1429,"date":"2020-04-22T08:33:24","date_gmt":"2020-04-22T06:33:24","guid":{"rendered":"https:\/\/www.bluepanda.ch\/site\/?page_id=1429"},"modified":"2025-06-02T22:03:54","modified_gmt":"2025-06-02T20:03:54","slug":"ultra-shop-la-boutique-des-ultras","status":"publish","type":"page","link":"https:\/\/www.bluepanda.ch\/site\/ultra-shop-la-boutique-des-ultras\/","title":{"rendered":"ULTRA SHOP"},"content":{"rendered":"<div class=\"wp-block-image\">\n<figure class=\"aligncenter size-full\"><img decoding=\"async\" src=\"https:\/\/www.bluepanda.ch\/wp-content\/uploads\/2021\/11\/logo_ultra_shop.png\" alt=\"\" class=\"wp-image-1690\"\/><\/figure><\/div>\n\n\n<div style=\"height:20px\" aria-hidden=\"true\" class=\"wp-block-spacer\"><\/div>\n\n\n\n<p class=\"has-text-align-center\"><strong>ULTRA SHOP<\/strong>&nbsp;est une boutique en ligne pour supporters Ultras avec plus de&nbsp;<strong>500 r\u00e9f\u00e9rences<\/strong>. Vous pouvez trouver un vaste choix de v\u00eatements et d\u2019accessoires du monde des ultras. Revendeur officiel des marques de v\u00eatements&nbsp;<strong>PGwear, Lyle &amp; Scott, Fred Perry, Weekend Offender, Ben Sherman<\/strong>, <strong>Ellesse<\/strong>&nbsp;pour la Suisse.<\/p>\n\n\n\n<div style=\"height:20px\" aria-hidden=\"true\" class=\"wp-block-spacer\"><\/div>\n\n\n\n<p class=\"has-text-align-center\">Ann\u00e9e cr\u00e9ation:&nbsp;<strong>2007<\/strong><\/p>\n\n\n\n<p class=\"has-text-align-center\">Nombre de produits: <strong>+500<\/strong><\/p>\n\n\n\n<p class=\"has-text-align-center\">Nombre de clients: <strong>+4&rsquo;000<\/strong><\/p>\n\n\n\n<div style=\"height:10px\" aria-hidden=\"true\" class=\"wp-block-spacer\"><\/div>\n\n\n\n<div class=\"btn-wrap\"><a href=\"https:\/\/www.ultra-shop.ch\" target=\"_blank\" rel=\"noopener noreferrer\">Consulter le site<\/a><\/div>\n\n\n\n<figure class=\"wp-block-gallery has-nested-images columns-default is-cropped wp-block-gallery-1 is-layout-flex wp-block-gallery-is-layout-flex\">\n<figure data-wp-context=\"{&quot;imageId&quot;:&quot;69deb2ad83218&quot;}\" data-wp-interactive=\"core\/image\" class=\"wp-block-image size-large wp-lightbox-container\"><img loading=\"lazy\" decoding=\"async\" width=\"1024\" height=\"1024\" data-wp-class--hide=\"state.isContentHidden\" data-wp-class--show=\"state.isContentVisible\" data-wp-init=\"callbacks.setButtonStyles\" data-wp-on-async--click=\"actions.showLightbox\" data-wp-on-async--load=\"callbacks.setButtonStyles\" data-wp-on-async-window--resize=\"callbacks.setButtonStyles\" data-id=\"2151\" src=\"https:\/\/www.bluepanda.ch\/wp-content\/uploads\/2025\/06\/ultra_shop_03-1-1024x1024.png\" alt=\"\" class=\"wp-image-2151\" srcset=\"https:\/\/www.bluepanda.ch\/wp-content\/uploads\/2025\/06\/ultra_shop_03-1-1024x1024.png 1024w, https:\/\/www.bluepanda.ch\/wp-content\/uploads\/2025\/06\/ultra_shop_03-1-300x300.png 300w, https:\/\/www.bluepanda.ch\/wp-content\/uploads\/2025\/06\/ultra_shop_03-1-150x150.png 150w, https:\/\/www.bluepanda.ch\/wp-content\/uploads\/2025\/06\/ultra_shop_03-1-768x768.png 768w, https:\/\/www.bluepanda.ch\/wp-content\/uploads\/2025\/06\/ultra_shop_03-1.png 1280w\" sizes=\"auto, (max-width: 1024px) 100vw, 1024px\" \/><button\n\t\t\tclass=\"lightbox-trigger\"\n\t\t\ttype=\"button\"\n\t\t\taria-haspopup=\"dialog\"\n\t\t\taria-label=\"Agrandir\"\n\t\t\tdata-wp-init=\"callbacks.initTriggerButton\"\n\t\t\tdata-wp-on-async--click=\"actions.showLightbox\"\n\t\t\tdata-wp-style--right=\"state.imageButtonRight\"\n\t\t\tdata-wp-style--top=\"state.imageButtonTop\"\n\t\t>\n\t\t\t<svg xmlns=\"http:\/\/www.w3.org\/2000\/svg\" width=\"12\" height=\"12\" fill=\"none\" viewBox=\"0 0 12 12\">\n\t\t\t\t<path fill=\"#fff\" d=\"M2 0a2 2 0 0 0-2 2v2h1.5V2a.5.5 0 0 1 .5-.5h2V0H2Zm2 10.5H2a.5.5 0 0 1-.5-.5V8H0v2a2 2 0 0 0 2 2h2v-1.5ZM8 12v-1.5h2a.5.5 0 0 0 .5-.5V8H12v2a2 2 0 0 1-2 2H8Zm2-12a2 2 0 0 1 2 2v2h-1.5V2a.5.5 0 0 0-.5-.5H8V0h2Z\" \/>\n\t\t\t<\/svg>\n\t\t<\/button><\/figure>\n\n\n\n<figure data-wp-context=\"{&quot;imageId&quot;:&quot;69deb2ad83f5f&quot;}\" data-wp-interactive=\"core\/image\" class=\"wp-block-image size-large is-style-default wp-lightbox-container\"><img loading=\"lazy\" decoding=\"async\" width=\"1024\" height=\"1024\" data-wp-class--hide=\"state.isContentHidden\" data-wp-class--show=\"state.isContentVisible\" data-wp-init=\"callbacks.setButtonStyles\" data-wp-on-async--click=\"actions.showLightbox\" data-wp-on-async--load=\"callbacks.setButtonStyles\" data-wp-on-async-window--resize=\"callbacks.setButtonStyles\" data-id=\"2139\" src=\"https:\/\/www.bluepanda.ch\/wp-content\/uploads\/2025\/06\/ultra_shop_01-1024x1024.png\" alt=\"\" class=\"wp-image-2139\" srcset=\"https:\/\/www.bluepanda.ch\/wp-content\/uploads\/2025\/06\/ultra_shop_01-1024x1024.png 1024w, https:\/\/www.bluepanda.ch\/wp-content\/uploads\/2025\/06\/ultra_shop_01-300x300.png 300w, https:\/\/www.bluepanda.ch\/wp-content\/uploads\/2025\/06\/ultra_shop_01-150x150.png 150w, https:\/\/www.bluepanda.ch\/wp-content\/uploads\/2025\/06\/ultra_shop_01-768x768.png 768w, https:\/\/www.bluepanda.ch\/wp-content\/uploads\/2025\/06\/ultra_shop_01.png 1280w\" sizes=\"auto, (max-width: 1024px) 100vw, 1024px\" \/><button\n\t\t\tclass=\"lightbox-trigger\"\n\t\t\ttype=\"button\"\n\t\t\taria-haspopup=\"dialog\"\n\t\t\taria-label=\"Agrandir\"\n\t\t\tdata-wp-init=\"callbacks.initTriggerButton\"\n\t\t\tdata-wp-on-async--click=\"actions.showLightbox\"\n\t\t\tdata-wp-style--right=\"state.imageButtonRight\"\n\t\t\tdata-wp-style--top=\"state.imageButtonTop\"\n\t\t>\n\t\t\t<svg xmlns=\"http:\/\/www.w3.org\/2000\/svg\" width=\"12\" height=\"12\" fill=\"none\" viewBox=\"0 0 12 12\">\n\t\t\t\t<path fill=\"#fff\" d=\"M2 0a2 2 0 0 0-2 2v2h1.5V2a.5.5 0 0 1 .5-.5h2V0H2Zm2 10.5H2a.5.5 0 0 1-.5-.5V8H0v2a2 2 0 0 0 2 2h2v-1.5ZM8 12v-1.5h2a.5.5 0 0 0 .5-.5V8H12v2a2 2 0 0 1-2 2H8Zm2-12a2 2 0 0 1 2 2v2h-1.5V2a.5.5 0 0 0-.5-.5H8V0h2Z\" \/>\n\t\t\t<\/svg>\n\t\t<\/button><\/figure>\n\n\n\n<figure data-wp-context=\"{&quot;imageId&quot;:&quot;69deb2ad84747&quot;}\" data-wp-interactive=\"core\/image\" class=\"wp-block-image size-large wp-lightbox-container\"><img loading=\"lazy\" decoding=\"async\" width=\"1024\" height=\"1024\" data-wp-class--hide=\"state.isContentHidden\" data-wp-class--show=\"state.isContentVisible\" data-wp-init=\"callbacks.setButtonStyles\" data-wp-on-async--click=\"actions.showLightbox\" data-wp-on-async--load=\"callbacks.setButtonStyles\" data-wp-on-async-window--resize=\"callbacks.setButtonStyles\" data-id=\"2141\" src=\"https:\/\/www.bluepanda.ch\/wp-content\/uploads\/2025\/06\/ultra_shop_02-1024x1024.png\" alt=\"\" class=\"wp-image-2141\" srcset=\"https:\/\/www.bluepanda.ch\/wp-content\/uploads\/2025\/06\/ultra_shop_02-1024x1024.png 1024w, https:\/\/www.bluepanda.ch\/wp-content\/uploads\/2025\/06\/ultra_shop_02-300x300.png 300w, https:\/\/www.bluepanda.ch\/wp-content\/uploads\/2025\/06\/ultra_shop_02-150x150.png 150w, https:\/\/www.bluepanda.ch\/wp-content\/uploads\/2025\/06\/ultra_shop_02-768x768.png 768w, https:\/\/www.bluepanda.ch\/wp-content\/uploads\/2025\/06\/ultra_shop_02.png 1280w\" sizes=\"auto, (max-width: 1024px) 100vw, 1024px\" \/><button\n\t\t\tclass=\"lightbox-trigger\"\n\t\t\ttype=\"button\"\n\t\t\taria-haspopup=\"dialog\"\n\t\t\taria-label=\"Agrandir\"\n\t\t\tdata-wp-init=\"callbacks.initTriggerButton\"\n\t\t\tdata-wp-on-async--click=\"actions.showLightbox\"\n\t\t\tdata-wp-style--right=\"state.imageButtonRight\"\n\t\t\tdata-wp-style--top=\"state.imageButtonTop\"\n\t\t>\n\t\t\t<svg xmlns=\"http:\/\/www.w3.org\/2000\/svg\" width=\"12\" height=\"12\" fill=\"none\" viewBox=\"0 0 12 12\">\n\t\t\t\t<path fill=\"#fff\" d=\"M2 0a2 2 0 0 0-2 2v2h1.5V2a.5.5 0 0 1 .5-.5h2V0H2Zm2 10.5H2a.5.5 0 0 1-.5-.5V8H0v2a2 2 0 0 0 2 2h2v-1.5ZM8 12v-1.5h2a.5.5 0 0 0 .5-.5V8H12v2a2 2 0 0 1-2 2H8Zm2-12a2 2 0 0 1 2 2v2h-1.5V2a.5.5 0 0 0-.5-.5H8V0h2Z\" \/>\n\t\t\t<\/svg>\n\t\t<\/button><\/figure>\n<\/figure>\n\n\n\n<p><\/p>\n","protected":false},"excerpt":{"rendered":"<p>ULTRA SHOP&nbsp;est une boutique en ligne pour supporters Ultras avec plus de&nbsp;500 r\u00e9f\u00e9rences. Vous pouvez trouver un vaste choix de v\u00eatements et d\u2019accessoires du monde des ultras. Revendeur officiel des marques de v\u00eatements&nbsp;PGwear, Lyle &amp; Scott, Fred Perry, Weekend Offender, Ben Sherman, Ellesse&nbsp;pour la Suisse. Ann\u00e9e cr\u00e9ation:&nbsp;2007 Nombre de produits: +500 Nombre de clients: +4&rsquo;000 [&hellip;]<\/p>\n","protected":false},"author":1,"featured_media":0,"parent":0,"menu_order":0,"comment_status":"closed","ping_status":"closed","template":"","meta":{"_themeisle_gutenberg_block_has_review":false,"footnotes":""},"class_list":["post-1429","page","type-page","status-publish","hentry"],"_links":{"self":[{"href":"https:\/\/www.bluepanda.ch\/site\/wp-json\/wp\/v2\/pages\/1429","targetHints":{"allow":["GET"]}}],"collection":[{"href":"https:\/\/www.bluepanda.ch\/site\/wp-json\/wp\/v2\/pages"}],"about":[{"href":"https:\/\/www.bluepanda.ch\/site\/wp-json\/wp\/v2\/types\/page"}],"author":[{"embeddable":true,"href":"https:\/\/www.bluepanda.ch\/site\/wp-json\/wp\/v2\/users\/1"}],"replies":[{"embeddable":true,"href":"https:\/\/www.bluepanda.ch\/site\/wp-json\/wp\/v2\/comments?post=1429"}],"version-history":[{"count":42,"href":"https:\/\/www.bluepanda.ch\/site\/wp-json\/wp\/v2\/pages\/1429\/revisions"}],"predecessor-version":[{"id":2152,"href":"https:\/\/www.bluepanda.ch\/site\/wp-json\/wp\/v2\/pages\/1429\/revisions\/2152"}],"wp:attachment":[{"href":"https:\/\/www.bluepanda.ch\/site\/wp-json\/wp\/v2\/media?parent=1429"}],"curies":[{"name":"wp","href":"https:\/\/api.w.org\/{rel}","templated":true}]}}