{"id":621,"date":"2017-12-08T13:24:07","date_gmt":"2017-12-08T12:24:07","guid":{"rendered":"https:\/\/www.bluepanda.ch\/site\/?page_id=621"},"modified":"2025-05-23T22:54:41","modified_gmt":"2025-05-23T20:54:41","slug":"drapeaux-shop-ch-la-boutique-des-drapeaux","status":"publish","type":"page","link":"https:\/\/www.bluepanda.ch\/site\/drapeaux-shop-ch-la-boutique-des-drapeaux\/","title":{"rendered":"DRAPEAUX SHOP"},"content":{"rendered":"<div class=\"wp-block-image\">\n<figure class=\"aligncenter size-full\"><img loading=\"lazy\" decoding=\"async\" width=\"500\" height=\"148\" src=\"https:\/\/www.bluepanda.ch\/wp-content\/uploads\/2021\/11\/logo_drapeaux_shop.png\" alt=\"\" class=\"wp-image-1694\" srcset=\"https:\/\/www.bluepanda.ch\/wp-content\/uploads\/2021\/11\/logo_drapeaux_shop.png 500w, https:\/\/www.bluepanda.ch\/wp-content\/uploads\/2021\/11\/logo_drapeaux_shop-300x89.png 300w\" sizes=\"auto, (max-width: 500px) 100vw, 500px\" \/><\/figure><\/div>\n\n\n<p class=\"has-text-align-center\"><strong>DRAPEAUX SHOP<\/strong> est une boutique en ligne de drapeaux de plus de <strong>200 r\u00e9f\u00e9rences<\/strong>. Vous pouvez trouver des drapeaux nationaux et cantonaux et un vaste choix de pays \u00e9tranges. Nous avons \u00e9galement des drapeaux sp\u00e9ciaux et disposition de plusieurs dimensions diff\u00e9rentes.<\/p>\n\n\n\n<div style=\"height:20px\" aria-hidden=\"true\" class=\"wp-block-spacer\"><\/div>\n\n\n\n<p class=\"has-text-align-center\"> Ann\u00e9e cr\u00e9ation: <strong>2013<\/strong><\/p>\n\n\n\n<p class=\"has-text-align-center\">Nombre de produits: <strong>+200<\/strong><\/p>\n\n\n\n<p class=\"has-text-align-center\"> Nombre de clients: <strong>+1&rsquo;000<\/strong><\/p>\n\n\n\n<div style=\"height:10px\" aria-hidden=\"true\" class=\"wp-block-spacer\"><\/div>\n\n\n\n<div class=\"btn-wrap\"><a href=\"https:\/\/www.drapeaux-shop.ch\" target=\"_blank\" rel=\"noopener noreferrer\">Consulter le site<\/a><\/div>\n","protected":false},"excerpt":{"rendered":"<p>DRAPEAUX SHOP est une boutique en ligne de drapeaux de plus de 200 r\u00e9f\u00e9rences. Vous pouvez trouver des drapeaux nationaux et cantonaux et un vaste choix de pays \u00e9tranges. Nous avons \u00e9galement des drapeaux sp\u00e9ciaux et disposition de plusieurs dimensions diff\u00e9rentes. Ann\u00e9e cr\u00e9ation: 2013 Nombre de produits: +200 Nombre de clients: +1&rsquo;000 Consulter le site<\/p>\n","protected":false},"author":1,"featured_media":0,"parent":0,"menu_order":0,"comment_status":"closed","ping_status":"closed","template":"","meta":{"_themeisle_gutenberg_block_has_review":false,"footnotes":""},"class_list":["post-621","page","type-page","status-publish","hentry"],"_links":{"self":[{"href":"https:\/\/www.bluepanda.ch\/site\/wp-json\/wp\/v2\/pages\/621","targetHints":{"allow":["GET"]}}],"collection":[{"href":"https:\/\/www.bluepanda.ch\/site\/wp-json\/wp\/v2\/pages"}],"about":[{"href":"https:\/\/www.bluepanda.ch\/site\/wp-json\/wp\/v2\/types\/page"}],"author":[{"embeddable":true,"href":"https:\/\/www.bluepanda.ch\/site\/wp-json\/wp\/v2\/users\/1"}],"replies":[{"embeddable":true,"href":"https:\/\/www.bluepanda.ch\/site\/wp-json\/wp\/v2\/comments?post=621"}],"version-history":[{"count":77,"href":"https:\/\/www.bluepanda.ch\/site\/wp-json\/wp\/v2\/pages\/621\/revisions"}],"predecessor-version":[{"id":2127,"href":"https:\/\/www.bluepanda.ch\/site\/wp-json\/wp\/v2\/pages\/621\/revisions\/2127"}],"wp:attachment":[{"href":"https:\/\/www.bluepanda.ch\/site\/wp-json\/wp\/v2\/media?parent=621"}],"curies":[{"name":"wp","href":"https:\/\/api.w.org\/{rel}","templated":true}]}}