{"id":8,"date":"2017-07-12T07:48:43","date_gmt":"2017-07-12T05:48:43","guid":{"rendered":"https:\/\/www.bluepanda.ch\/demo_site\/?page_id=8"},"modified":"2025-05-21T08:44:37","modified_gmt":"2025-05-21T06:44:37","slug":"entreprise","status":"publish","type":"page","link":"https:\/\/www.bluepanda.ch\/site\/entreprise\/","title":{"rendered":"Notre entreprise"},"content":{"rendered":"\n<h4 class=\"wp-block-heading has-black-color has-text-color has-link-color wp-elements-44fccb216d8f541729eb1ae75dacf671\"><strong>Pr\u00e9sentation<\/strong><\/h4>\n\n\n\n<p>L&rsquo;entreprise \u00e0 \u00e9t\u00e9 fond\u00e9e par <a aria-label=\" (s\u2019ouvre dans un nouvel onglet)\" rel=\"noreferrer noopener\" href=\"https:\/\/www.linkedin.com\/in\/st%C3%A9phane-bassi-531817103\/\" target=\"_blank\"><strong>St\u00e9phane Bassi<\/strong><\/a> sous le nom de Matos Ultras le 12 janvier 2007. Elle a \u00e9t\u00e9 ensuite renomm\u00e9e sous le nom de <strong>BLUEPANDA<\/strong> le 3 novembre 2009. Nous sommes une agence de digital marketing et d&rsquo;e-commerce bas\u00e9e en Suisse \u00e0 Vevey sur la Riviera vaudoise. Notre soci\u00e9t\u00e9 est sp\u00e9cialis\u00e9e dans la conception et le d\u00e9veloppement de sites Internet et de solutions e-commerce. <\/p>\n\n\n\n<div style=\"height:20px\" aria-hidden=\"true\" class=\"wp-block-spacer\"><\/div>\n\n\n\n<p>Siege social<br>BLUEPANDA<br>Avenue de Gilamont 46C<br>1800 Vevey<br>Suisse<\/p>\n\n\n\n<div style=\"height:20px\" aria-hidden=\"true\" class=\"wp-block-spacer\"><\/div>\n\n\n\n<p>Registre du commerce Suisse: IDE\\UID: <a rel=\"noreferrer noopener\" aria-label=\"CHE-113.370.435  (s\u2019ouvre dans un nouvel onglet)\" href=\"https:\/\/www.zefix.ch\/fr\/search\/entity\/list\/firm\/859612?name=113.370.435&amp;searchType=undefined\" target=\"_blank\">CHE-113.370.435 <\/a><\/p>\n\n\n\n<div style=\"height:40px\" aria-hidden=\"true\" class=\"wp-block-spacer\"><\/div>\n\n\n\n<h4 class=\"wp-block-heading has-black-color has-text-color has-link-color wp-elements-f8153aa3e77a0d36920aada2091985df\"><strong>Secteurs d&rsquo;activit\u00e9<\/strong><\/h4>\n\n\n\n<p>Cr\u00e9ation site Internet et boutique en ligne E-commerce<br>Maintenance et r\u00e9f\u00e9rencement de site Internet<br>Conception et r\u00e9alisation d&rsquo;objets publicitaires<br>Impression num\u00e9rique sur support papier<br>Impression num\u00e9rique sur support textile<br>Conception graphique<br>Vente en ligne<\/p>\n\n\n\n<div style=\"height:40px\" aria-hidden=\"true\" class=\"wp-block-spacer\"><\/div>\n\n\n\n<h4 class=\"wp-block-heading has-black-color has-text-color has-link-color wp-elements-15d0d537cf58d733256e0a92e5eef812\"><strong>En chiffres<\/strong><\/h4>\n\n\n\n<p>+<strong>50&rsquo;000 visiteurs<\/strong> sur l&rsquo;ensemble de nos sites et boutiques en 2021<br>+<strong>4&rsquo;000 clients<\/strong> qui nous font confiance<br>+<strong>800 commandes<\/strong> que nous traitons chaque ann\u00e9e<\/p>\n\n\n\n<div style=\"height:40px\" aria-hidden=\"true\" class=\"wp-block-spacer\"><\/div>\n\n\n\n<h4 class=\"wp-block-heading has-black-color has-text-color has-link-color wp-elements-c89377304b2e43f03f22d40d280dafad\"><strong>L&rsquo;historique<\/strong><\/h4>\n\n\n\n<p>12.02.2023 &#8211; Nous avons franchi le cap des <strong>3&rsquo;000 clients!<\/strong><br>12.01.2022 &#8211; L&rsquo;entreprise BLUEPANDA f\u00eate ses <strong>15 ans<\/strong> d&rsquo;existence<br>10.10.2020 &#8211; Refonte totale de notre site <a rel=\"noreferrer noopener\" href=\"https:\/\/www.drapeaux-shop.ch\/\" target=\"_blank\">drapeaux-shop.ch<\/a><br>25.11.2019 &#8211; Refonte totale de notre site <a rel=\"noreferrer noopener\" href=\"https:\/\/www.ultra-shop.ch\/\" target=\"_blank\">ultra-shop.ch<\/a><br>13.09.2018 &#8211; Nous avons franchi le cap des <strong>1&rsquo;000 clients!<\/strong><br>01.12.2017 &#8211; Refonte totale de notre site <a rel=\"noreferrer noopener\" href=\"https:\/\/www.bluepanda.ch\/\" target=\"_blank\">bluepanda.ch<\/a><br>12.01.2017 &#8211; L&rsquo;entreprise BLUEPANDA f\u00eate ses <strong>10 ans<\/strong> d&rsquo;existence<br>25.10.2016 &#8211; Le site matos-ultras.com devient <a rel=\"noreferrer noopener\" href=\"https:\/\/www.ultra-shop.ch\/\" target=\"_blank\">ultra-shop.ch<\/a> avec une refonte totale du site<br>10.09.2016 &#8211; Le site drapeau-suisse.ch devient <a rel=\"noreferrer noopener\" href=\"https:\/\/www.drapeaux-shop.ch\/\" target=\"_blank\">drapeaux-shop.ch<\/a> avec une refonte totale du site<br>09.12.2013 &#8211; Lancement du site <a rel=\"noreferrer noopener\" href=\"https:\/\/www.drapeaux-shop.ch\/\" target=\"_blank\">drapeau-suisse.ch<\/a> vente en ligne de drapeaux Suisse<br>12.01.2012 &#8211; L&rsquo;entreprise bluepanda f\u00eate ses <strong>5 ans<\/strong> d&rsquo;existence<br>03.11.2009 &#8211; Changement raison social sous le nom <strong>BLUEPANDA<\/strong><br>27.03.2008 &#8211; Lancement du site <a rel=\"noreferrer noopener\" href=\"https:\/\/www.bluepanda.ch\/\" target=\"_blank\">bluepanda.ch<\/a><br>12.01.2007 &#8211; Fondation de l&rsquo;entreprise sous le nom <strong>Matos Ultras<\/strong> et lancement du 1er site <a rel=\"noreferrer noopener\" href=\"https:\/\/www.ultra-shop.ch\/\" target=\"_blank\">matos-ultras.com<\/a><\/p>\n\n\n\n<p><\/p>\n","protected":false},"excerpt":{"rendered":"<p>Pr\u00e9sentation L&rsquo;entreprise \u00e0 \u00e9t\u00e9 fond\u00e9e par St\u00e9phane Bassi sous le nom de Matos Ultras le 12 janvier 2007. Elle a \u00e9t\u00e9 ensuite renomm\u00e9e sous le nom de BLUEPANDA le 3 novembre 2009. Nous sommes une agence de digital marketing et d&rsquo;e-commerce bas\u00e9e en Suisse \u00e0 Vevey sur la Riviera vaudoise. Notre soci\u00e9t\u00e9 est sp\u00e9cialis\u00e9e dans [&hellip;]<\/p>\n","protected":false},"author":1,"featured_media":0,"parent":0,"menu_order":0,"comment_status":"closed","ping_status":"closed","template":"","meta":{"_themeisle_gutenberg_block_has_review":false,"footnotes":""},"class_list":["post-8","page","type-page","status-publish","hentry"],"_links":{"self":[{"href":"https:\/\/www.bluepanda.ch\/site\/wp-json\/wp\/v2\/pages\/8","targetHints":{"allow":["GET"]}}],"collection":[{"href":"https:\/\/www.bluepanda.ch\/site\/wp-json\/wp\/v2\/pages"}],"about":[{"href":"https:\/\/www.bluepanda.ch\/site\/wp-json\/wp\/v2\/types\/page"}],"author":[{"embeddable":true,"href":"https:\/\/www.bluepanda.ch\/site\/wp-json\/wp\/v2\/users\/1"}],"replies":[{"embeddable":true,"href":"https:\/\/www.bluepanda.ch\/site\/wp-json\/wp\/v2\/comments?post=8"}],"version-history":[{"count":93,"href":"https:\/\/www.bluepanda.ch\/site\/wp-json\/wp\/v2\/pages\/8\/revisions"}],"predecessor-version":[{"id":2091,"href":"https:\/\/www.bluepanda.ch\/site\/wp-json\/wp\/v2\/pages\/8\/revisions\/2091"}],"wp:attachment":[{"href":"https:\/\/www.bluepanda.ch\/site\/wp-json\/wp\/v2\/media?parent=8"}],"curies":[{"name":"wp","href":"https:\/\/api.w.org\/{rel}","templated":true}]}}